{"id":1664,"date":"2024-10-22T19:15:42","date_gmt":"2024-10-22T16:15:42","guid":{"rendered":"https:\/\/seanergyhotel.com\/contactez-nous\/"},"modified":"2025-04-22T14:44:17","modified_gmt":"2025-04-22T11:44:17","slug":"contactez-nous","status":"publish","type":"page","link":"https:\/\/seanergyhotel.com\/fr\/contactez-nous\/","title":{"rendered":"Contactez nous"},"content":{"rendered":"\t\t<div data-elementor-type=\"wp-page\" data-elementor-id=\"1664\" class=\"elementor elementor-1664 elementor-603\" data-elementor-post-type=\"page\">\n\t\t\t\t\t\t<section class=\"elementor-section elementor-top-section elementor-element elementor-element-517e5ffe elementor-section-full_width elementor-section-height-min-height elementor-section-items-stretch elementor-section-height-default\" data-id=\"517e5ffe\" data-element_type=\"section\" data-e-type=\"section\" data-settings=\"{&quot;background_background&quot;:&quot;classic&quot;,&quot;background_motion_fx_motion_fx_scrolling&quot;:&quot;yes&quot;,&quot;background_motion_fx_scale_effect&quot;:&quot;yes&quot;,&quot;background_motion_fx_scale_speed&quot;:{&quot;unit&quot;:&quot;px&quot;,&quot;size&quot;:2,&quot;sizes&quot;:[]},&quot;background_motion_fx_scale_range&quot;:{&quot;unit&quot;:&quot;%&quot;,&quot;size&quot;:&quot;&quot;,&quot;sizes&quot;:{&quot;start&quot;:50,&quot;end&quot;:100}},&quot;background_motion_fx_scale_direction&quot;:&quot;out-in&quot;,&quot;background_motion_fx_devices&quot;:[&quot;desktop&quot;,&quot;tablet&quot;,&quot;mobile&quot;]}\">\n\t\t\t\t\t\t\t<div class=\"elementor-background-overlay\"><\/div>\n\t\t\t\t\t\t\t<div class=\"elementor-container elementor-column-gap-no\">\n\t\t\t\t\t<div class=\"elementor-column elementor-col-100 elementor-top-column elementor-element elementor-element-3d3d096d\" data-id=\"3d3d096d\" data-element_type=\"column\" data-e-type=\"column\">\n\t\t\t<div class=\"elementor-widget-wrap\">\n\t\t\t\t\t\t\t<\/div>\n\t\t<\/div>\n\t\t\t\t\t<\/div>\n\t\t<\/section>\n\t\t<div class=\"elementor-element elementor-element-48e394a e-flex e-con-boxed e-con e-parent\" data-id=\"48e394a\" data-element_type=\"container\" data-e-type=\"container\">\n\t\t\t\t\t<div class=\"e-con-inner\">\n\t\t\t\t<div class=\"elementor-element elementor-element-56bf4dc elementor-widget elementor-widget-heading\" data-id=\"56bf4dc\" data-element_type=\"widget\" data-e-type=\"widget\" data-widget_type=\"heading.default\">\n\t\t\t\t<div class=\"elementor-widget-container\">\n\t\t\t\t\t<h2 class=\"elementor-heading-title elementor-size-default\">Contactez-nous<\/h2>\t\t\t\t<\/div>\n\t\t\t\t<\/div>\n\t\t\t\t<div class=\"elementor-element elementor-element-ea79ab8 elementor-widget-divider--view-line elementor-widget elementor-widget-divider\" data-id=\"ea79ab8\" data-element_type=\"widget\" data-e-type=\"widget\" data-widget_type=\"divider.default\">\n\t\t\t\t<div class=\"elementor-widget-container\">\n\t\t\t\t\t\t\t<div class=\"elementor-divider\">\n\t\t\t<span class=\"elementor-divider-separator\">\n\t\t\t\t\t\t<\/span>\n\t\t<\/div>\n\t\t\t\t\t\t<\/div>\n\t\t\t\t<\/div>\n\t\t\t\t<div class=\"elementor-element elementor-element-dda3e2e elementor-widget elementor-widget-text-editor\" data-id=\"dda3e2e\" data-element_type=\"widget\" data-e-type=\"widget\" data-widget_type=\"text-editor.default\">\n\t\t\t\t<div class=\"elementor-widget-container\">\n\t\t\t\t\t\t\t\t\t<p>Vous avez des questions sur nos s\u00e9jours relaxants \u00e0 l\u2019h\u00f4tel Seanergy ou souhaitez obtenir des informations suppl\u00e9mentaires avant de r\u00e9server votre escapade ? Nous sommes l\u00e0 pour vous ! Vous pouvez nous joindre par t\u00e9l\u00e9phone, WhatsApp ou e-mail \u2013 nous serons ravis de vous aider et de pr\u00e9parer votre s\u00e9jour dans les meilleures conditions.<br \/>Nous attendons avec impatience de vous accueillir et de vous offrir des vacances inoubliables, o\u00f9 confort et accessibilit\u00e9 se rencontrent dans un cadre enchanteur.   <\/p>\n\t\t\t\t\t\t\t\t<\/div>\n\t\t\t\t<\/div>\n\t\t\t\t\t<\/div>\n\t\t\t\t<\/div>\n\t\t<div class=\"elementor-element elementor-element-31f8ff1 e-grid e-con-boxed e-con e-parent\" data-id=\"31f8ff1\" data-element_type=\"container\" data-e-type=\"container\" data-settings=\"{&quot;background_background&quot;:&quot;classic&quot;}\">\n\t\t\t\t\t<div class=\"e-con-inner\">\n\t\t\t\t<div class=\"elementor-element elementor-element-9fa4e46 elementor-widget-divider--view-line elementor-widget elementor-widget-divider\" data-id=\"9fa4e46\" data-element_type=\"widget\" data-e-type=\"widget\" data-widget_type=\"divider.default\">\n\t\t\t\t<div class=\"elementor-widget-container\">\n\t\t\t\t\t\t\t<div class=\"elementor-divider\">\n\t\t\t<span class=\"elementor-divider-separator\">\n\t\t\t\t\t\t<\/span>\n\t\t<\/div>\n\t\t\t\t\t\t<\/div>\n\t\t\t\t<\/div>\n\t\t\t\t<div class=\"elementor-element elementor-element-d2ec0ef elementor-widget elementor-widget-heading\" data-id=\"d2ec0ef\" data-element_type=\"widget\" data-e-type=\"widget\" data-widget_type=\"heading.default\">\n\t\t\t\t<div class=\"elementor-widget-container\">\n\t\t\t\t\t<h2 class=\"elementor-heading-title elementor-size-default\">Notre adresse<\/h2>\t\t\t\t<\/div>\n\t\t\t\t<\/div>\n\t\t\t\t<div class=\"elementor-element elementor-element-180274a elementor-widget elementor-widget-text-editor\" data-id=\"180274a\" data-element_type=\"widget\" data-e-type=\"widget\" data-widget_type=\"text-editor.default\">\n\t\t\t\t<div class=\"elementor-widget-container\">\n\t\t\t\t\t\t\t\t\t<p>H\u00f4tel Synergy Netanya<\/p><p>Notre adresse : Gad Machnes 14, Netanya<\/p>\t\t\t\t\t\t\t\t<\/div>\n\t\t\t\t<\/div>\n\t\t\t\t\t<\/div>\n\t\t\t\t<\/div>\n\t\t<div class=\"elementor-element elementor-element-7856098 e-flex e-con-boxed e-con e-parent\" data-id=\"7856098\" data-element_type=\"container\" data-e-type=\"container\">\n\t\t\t\t\t<div class=\"e-con-inner\">\n\t\t\t\t<div class=\"elementor-element elementor-element-27582f1 elementor-widget-tablet__width-inherit elementor-widget elementor-widget-google_maps\" data-id=\"27582f1\" data-element_type=\"widget\" data-e-type=\"widget\" data-widget_type=\"google_maps.default\">\n\t\t\t\t<div class=\"elementor-widget-container\">\n\t\t\t\t\t\t\t<div class=\"elementor-custom-embed\">\n\t\t\t<iframe loading=\"lazy\"\n\t\t\t\t\tsrc=\"https:\/\/maps.google.com\/maps?q=%D7%9E%D7%9C%D7%95%D7%9F%20%D7%A1%D7%99%D7%A0%D7%A8%D7%92%D7%99%20%D7%A0%D7%AA%D7%A0%D7%99%D7%94&#038;t=m&#038;z=13&#038;output=embed&#038;iwloc=near\"\n\t\t\t\t\ttitle=\"\u05de\u05dc\u05d5\u05df \u05e1\u05d9\u05e0\u05e8\u05d2\u05d9 \u05e0\u05ea\u05e0\u05d9\u05d4\"\n\t\t\t\t\taria-label=\"\u05de\u05dc\u05d5\u05df \u05e1\u05d9\u05e0\u05e8\u05d2\u05d9 \u05e0\u05ea\u05e0\u05d9\u05d4\"\n\t\t\t><\/iframe>\n\t\t<\/div>\n\t\t\t\t\t\t<\/div>\n\t\t\t\t<\/div>\n\t\t\t\t\t<\/div>\n\t\t\t\t<\/div>\n\t\t<div class=\"elementor-element elementor-element-3f3fb15 e-grid e-con-boxed e-con e-parent\" data-id=\"3f3fb15\" data-element_type=\"container\" data-e-type=\"container\" data-settings=\"{&quot;background_background&quot;:&quot;classic&quot;}\">\n\t\t\t\t\t<div class=\"e-con-inner\">\n\t\t\t\t<div class=\"elementor-element elementor-element-226a0cb elementor-widget-divider--view-line elementor-widget elementor-widget-divider\" data-id=\"226a0cb\" data-element_type=\"widget\" data-e-type=\"widget\" data-widget_type=\"divider.default\">\n\t\t\t\t<div class=\"elementor-widget-container\">\n\t\t\t\t\t\t\t<div class=\"elementor-divider\">\n\t\t\t<span class=\"elementor-divider-separator\">\n\t\t\t\t\t\t<\/span>\n\t\t<\/div>\n\t\t\t\t\t\t<\/div>\n\t\t\t\t<\/div>\n\t\t\t\t<div class=\"elementor-element elementor-element-e19a32c elementor-widget elementor-widget-heading\" data-id=\"e19a32c\" data-element_type=\"widget\" data-e-type=\"widget\" data-widget_type=\"heading.default\">\n\t\t\t\t<div class=\"elementor-widget-container\">\n\t\t\t\t\t<h2 class=\"elementor-heading-title elementor-size-default\">Contactez-nous\n\n<\/h2>\t\t\t\t<\/div>\n\t\t\t\t<\/div>\n\t\t\t\t<div class=\"elementor-element elementor-element-3dee1a4 elementor-tablet-align-center elementor-align-center elementor-icon-list--layout-traditional elementor-list-item-link-full_width elementor-widget elementor-widget-icon-list\" data-id=\"3dee1a4\" data-element_type=\"widget\" data-e-type=\"widget\" data-widget_type=\"icon-list.default\">\n\t\t\t\t<div class=\"elementor-widget-container\">\n\t\t\t\t\t\t\t<ul class=\"elementor-icon-list-items\">\n\t\t\t\t\t\t\t<li class=\"elementor-icon-list-item\">\n\t\t\t\t\t\t\t\t\t\t\t<a href=\"tel:+97297449900\">\n\n\t\t\t\t\t\t\t\t\t\t\t<span class=\"elementor-icon-list-text\">T\u00e9l\u00e9phone : +972-9-7449900<\/span>\n\t\t\t\t\t\t\t\t\t\t\t<\/a>\n\t\t\t\t\t\t\t\t\t<\/li>\n\t\t\t\t\t\t\t\t<li class=\"elementor-icon-list-item\">\n\t\t\t\t\t\t\t\t\t\t\t<a href=\"mailto:res@seanergyhotel.com\">\n\n\t\t\t\t\t\t\t\t\t\t\t<span class=\"elementor-icon-list-text\">Email: res@seanergyhotel.com<\/span>\n\t\t\t\t\t\t\t\t\t\t\t<\/a>\n\t\t\t\t\t\t\t\t\t<\/li>\n\t\t\t\t\t\t\t\t<li class=\"elementor-icon-list-item\">\n\t\t\t\t\t\t\t\t\t\t\t<a href=\"https:\/\/api.whatsapp.com\/send?phone=972532174843\">\n\n\t\t\t\t\t\t\t\t\t\t\t<span class=\"elementor-icon-list-text\">WhatsApp: +972-53-2174843<\/span>\n\t\t\t\t\t\t\t\t\t\t\t<\/a>\n\t\t\t\t\t\t\t\t\t<\/li>\n\t\t\t\t\t\t<\/ul>\n\t\t\t\t\t\t<\/div>\n\t\t\t\t<\/div>\n\t\t\t\t\t<\/div>\n\t\t\t\t<\/div>\n\t\t\t\t<\/div>\n\t\t","protected":false},"excerpt":{"rendered":"<p>Contactez-nous Vous avez des questions sur nos s\u00e9jours relaxants \u00e0 l\u2019h\u00f4tel Seanergy ou souhaitez obtenir des informations suppl\u00e9mentaires avant de r\u00e9server votre escapade ? Nous sommes l\u00e0 pour vous ! Vous pouvez nous joindre par t\u00e9l\u00e9phone, WhatsApp ou e-mail \u2013 nous serons ravis de vous aider et de pr\u00e9parer votre s\u00e9jour dans les meilleures conditions.Nous [&hellip;]<\/p>\n","protected":false},"author":1,"featured_media":0,"parent":0,"menu_order":0,"comment_status":"closed","ping_status":"closed","template":"","meta":{"footnotes":""},"class_list":["post-1664","page","type-page","status-publish","hentry"],"yoast_head":"<!-- This site is optimized with the Yoast SEO plugin v27.3 - https:\/\/yoast.com\/product\/yoast-seo-wordpress\/ -->\n<title>Contactez nous | Seanergy<\/title>\n<meta name=\"robots\" content=\"index, follow, max-snippet:-1, max-image-preview:large, max-video-preview:-1\" \/>\n<link rel=\"canonical\" href=\"https:\/\/seanergyhotel.com\/fr\/contactez-nous\/\" \/>\n<meta property=\"og:locale\" content=\"fr_FR\" \/>\n<meta property=\"og:type\" content=\"article\" \/>\n<meta property=\"og:title\" content=\"Contactez nous | Seanergy\" \/>\n<meta property=\"og:description\" content=\"Contactez-nous Vous avez des questions sur nos s\u00e9jours relaxants \u00e0 l\u2019h\u00f4tel Seanergy ou souhaitez obtenir des informations suppl\u00e9mentaires avant de r\u00e9server votre escapade ? Nous sommes l\u00e0 pour vous ! Vous pouvez nous joindre par t\u00e9l\u00e9phone, WhatsApp ou e-mail \u2013 nous serons ravis de vous aider et de pr\u00e9parer votre s\u00e9jour dans les meilleures conditions.Nous [&hellip;]\" \/>\n<meta property=\"og:url\" content=\"https:\/\/seanergyhotel.com\/fr\/contactez-nous\/\" \/>\n<meta property=\"og:site_name\" content=\"Seanergy\" \/>\n<meta property=\"article:modified_time\" content=\"2025-04-22T11:44:17+00:00\" \/>\n<meta property=\"og:image\" content=\"https:\/\/seanergyhotel.com\/wp-content\/uploads\/2024\/11\/site-img.png\" \/>\n\t<meta property=\"og:image:width\" content=\"500\" \/>\n\t<meta property=\"og:image:height\" content=\"500\" \/>\n\t<meta property=\"og:image:type\" content=\"image\/png\" \/>\n<meta name=\"twitter:card\" content=\"summary_large_image\" \/>\n<meta name=\"twitter:label1\" content=\"Dur\u00e9e de lecture estim\u00e9e\" \/>\n\t<meta name=\"twitter:data1\" content=\"1 minute\" \/>\n<script type=\"application\/ld+json\" class=\"yoast-schema-graph\">{\"@context\":\"https:\\\/\\\/schema.org\",\"@graph\":[{\"@type\":\"WebPage\",\"@id\":\"https:\\\/\\\/seanergyhotel.com\\\/fr\\\/contactez-nous\\\/\",\"url\":\"https:\\\/\\\/seanergyhotel.com\\\/fr\\\/contactez-nous\\\/\",\"name\":\"Contactez nous | Seanergy\",\"isPartOf\":{\"@id\":\"https:\\\/\\\/seanergy.wp.hoteliers.co.il\\\/#website\"},\"datePublished\":\"2024-10-22T16:15:42+00:00\",\"dateModified\":\"2025-04-22T11:44:17+00:00\",\"breadcrumb\":{\"@id\":\"https:\\\/\\\/seanergyhotel.com\\\/fr\\\/contactez-nous\\\/#breadcrumb\"},\"inLanguage\":\"fr-FR\",\"potentialAction\":[{\"@type\":\"ReadAction\",\"target\":[\"https:\\\/\\\/seanergyhotel.com\\\/fr\\\/contactez-nous\\\/\"]}]},{\"@type\":\"BreadcrumbList\",\"@id\":\"https:\\\/\\\/seanergyhotel.com\\\/fr\\\/contactez-nous\\\/#breadcrumb\",\"itemListElement\":[{\"@type\":\"ListItem\",\"position\":1,\"name\":\"Home\",\"item\":\"https:\\\/\\\/seanergyhotel.com\\\/fr\\\/\"},{\"@type\":\"ListItem\",\"position\":2,\"name\":\"Contactez nous\"}]},{\"@type\":\"WebSite\",\"@id\":\"https:\\\/\\\/seanergy.wp.hoteliers.co.il\\\/#website\",\"url\":\"https:\\\/\\\/seanergy.wp.hoteliers.co.il\\\/\",\"name\":\"Seanergy Hotel\",\"description\":\"Hotel Boutique\",\"alternateName\":\"Hotel in Netanya\",\"potentialAction\":[{\"@type\":\"SearchAction\",\"target\":{\"@type\":\"EntryPoint\",\"urlTemplate\":\"https:\\\/\\\/seanergy.wp.hoteliers.co.il\\\/?s={search_term_string}\"},\"query-input\":{\"@type\":\"PropertyValueSpecification\",\"valueRequired\":true,\"valueName\":\"search_term_string\"}}],\"inLanguage\":\"fr-FR\"}]}<\/script>\n<!-- \/ Yoast SEO plugin. -->","yoast_head_json":{"title":"Contactez nous | Seanergy","robots":{"index":"index","follow":"follow","max-snippet":"max-snippet:-1","max-image-preview":"max-image-preview:large","max-video-preview":"max-video-preview:-1"},"canonical":"https:\/\/seanergyhotel.com\/fr\/contactez-nous\/","og_locale":"fr_FR","og_type":"article","og_title":"Contactez nous | Seanergy","og_description":"Contactez-nous Vous avez des questions sur nos s\u00e9jours relaxants \u00e0 l\u2019h\u00f4tel Seanergy ou souhaitez obtenir des informations suppl\u00e9mentaires avant de r\u00e9server votre escapade ? Nous sommes l\u00e0 pour vous ! Vous pouvez nous joindre par t\u00e9l\u00e9phone, WhatsApp ou e-mail \u2013 nous serons ravis de vous aider et de pr\u00e9parer votre s\u00e9jour dans les meilleures conditions.Nous [&hellip;]","og_url":"https:\/\/seanergyhotel.com\/fr\/contactez-nous\/","og_site_name":"Seanergy","article_modified_time":"2025-04-22T11:44:17+00:00","og_image":[{"width":500,"height":500,"url":"https:\/\/seanergyhotel.com\/wp-content\/uploads\/2024\/11\/site-img.png","type":"image\/png"}],"twitter_card":"summary_large_image","twitter_misc":{"Dur\u00e9e de lecture estim\u00e9e":"1 minute"},"schema":{"@context":"https:\/\/schema.org","@graph":[{"@type":"WebPage","@id":"https:\/\/seanergyhotel.com\/fr\/contactez-nous\/","url":"https:\/\/seanergyhotel.com\/fr\/contactez-nous\/","name":"Contactez nous | Seanergy","isPartOf":{"@id":"https:\/\/seanergy.wp.hoteliers.co.il\/#website"},"datePublished":"2024-10-22T16:15:42+00:00","dateModified":"2025-04-22T11:44:17+00:00","breadcrumb":{"@id":"https:\/\/seanergyhotel.com\/fr\/contactez-nous\/#breadcrumb"},"inLanguage":"fr-FR","potentialAction":[{"@type":"ReadAction","target":["https:\/\/seanergyhotel.com\/fr\/contactez-nous\/"]}]},{"@type":"BreadcrumbList","@id":"https:\/\/seanergyhotel.com\/fr\/contactez-nous\/#breadcrumb","itemListElement":[{"@type":"ListItem","position":1,"name":"Home","item":"https:\/\/seanergyhotel.com\/fr\/"},{"@type":"ListItem","position":2,"name":"Contactez nous"}]},{"@type":"WebSite","@id":"https:\/\/seanergy.wp.hoteliers.co.il\/#website","url":"https:\/\/seanergy.wp.hoteliers.co.il\/","name":"Seanergy Hotel","description":"Hotel Boutique","alternateName":"Hotel in Netanya","potentialAction":[{"@type":"SearchAction","target":{"@type":"EntryPoint","urlTemplate":"https:\/\/seanergy.wp.hoteliers.co.il\/?s={search_term_string}"},"query-input":{"@type":"PropertyValueSpecification","valueRequired":true,"valueName":"search_term_string"}}],"inLanguage":"fr-FR"}]}},"_links":{"self":[{"href":"https:\/\/seanergyhotel.com\/fr\/wp-json\/wp\/v2\/pages\/1664","targetHints":{"allow":["GET"]}}],"collection":[{"href":"https:\/\/seanergyhotel.com\/fr\/wp-json\/wp\/v2\/pages"}],"about":[{"href":"https:\/\/seanergyhotel.com\/fr\/wp-json\/wp\/v2\/types\/page"}],"author":[{"embeddable":true,"href":"https:\/\/seanergyhotel.com\/fr\/wp-json\/wp\/v2\/users\/1"}],"replies":[{"embeddable":true,"href":"https:\/\/seanergyhotel.com\/fr\/wp-json\/wp\/v2\/comments?post=1664"}],"version-history":[{"count":16,"href":"https:\/\/seanergyhotel.com\/fr\/wp-json\/wp\/v2\/pages\/1664\/revisions"}],"predecessor-version":[{"id":2443,"href":"https:\/\/seanergyhotel.com\/fr\/wp-json\/wp\/v2\/pages\/1664\/revisions\/2443"}],"wp:attachment":[{"href":"https:\/\/seanergyhotel.com\/fr\/wp-json\/wp\/v2\/media?parent=1664"}],"curies":[{"name":"wp","href":"https:\/\/api.w.org\/{rel}","templated":true}]}}